{"id":5024,"date":"2024-03-15T08:31:16","date_gmt":"2024-03-15T07:31:16","guid":{"rendered":"https:\/\/nordsc.pl\/?page_id=5024"},"modified":"2024-04-29T14:45:29","modified_gmt":"2024-04-29T12:45:29","slug":"sprzedaz-lodu-wielkopolska","status":"publish","type":"page","link":"https:\/\/nordsc.pl\/index.php\/sprzedaz-lodu-wielkopolska\/","title":{"rendered":"Wielkopolska"},"content":{"rendered":"\t\t<div data-elementor-type=\"wp-page\" data-elementor-id=\"5024\" class=\"elementor elementor-5024\">\n\t\t\t\t\t\t<section class=\"elementor-section elementor-top-section elementor-element elementor-element-ca2e8ef elementor-section-height-min-height elementor-section-boxed elementor-section-height-default elementor-section-items-middle\" data-id=\"ca2e8ef\" data-element_type=\"section\" data-settings=\"{&quot;background_background&quot;:&quot;video&quot;,&quot;shape_divider_bottom&quot;:&quot;mountains&quot;,&quot;background_video_start&quot;:46,&quot;background_video_end&quot;:96}\">\n\t\t\t\t\t\t\t<div class=\"elementor-background-overlay\"><\/div>\n\t\t\t\t\t\t<div class=\"elementor-shape elementor-shape-bottom\" data-negative=\"false\">\n\t\t\t<svg xmlns=\"http:\/\/www.w3.org\/2000\/svg\" viewBox=\"0 0 1000 100\" preserveAspectRatio=\"none\">\n\t<path class=\"elementor-shape-fill\" opacity=\"0.33\" d=\"M473,67.3c-203.9,88.3-263.1-34-320.3,0C66,119.1,0,59.7,0,59.7V0h1000v59.7 c0,0-62.1,26.1-94.9,29.3c-32.8,3.3-62.8-12.3-75.8-22.1C806,49.6,745.3,8.7,694.9,4.7S492.4,59,473,67.3z\"\/>\n\t<path class=\"elementor-shape-fill\" opacity=\"0.66\" d=\"M734,67.3c-45.5,0-77.2-23.2-129.1-39.1c-28.6-8.7-150.3-10.1-254,39.1 s-91.7-34.4-149.2,0C115.7,118.3,0,39.8,0,39.8V0h1000v36.5c0,0-28.2-18.5-92.1-18.5C810.2,18.1,775.7,67.3,734,67.3z\"\/>\n\t<path class=\"elementor-shape-fill\" d=\"M766.1,28.9c-200-57.5-266,65.5-395.1,19.5C242,1.8,242,5.4,184.8,20.6C128,35.8,132.3,44.9,89.9,52.5C28.6,63.7,0,0,0,0 h1000c0,0-9.9,40.9-83.6,48.1S829.6,47,766.1,28.9z\"\/>\n<\/svg>\t\t<\/div>\n\t\t\t\t\t<div class=\"elementor-container elementor-column-gap-no\">\n\t\t\t\t\t<div class=\"elementor-column elementor-col-100 elementor-top-column elementor-element elementor-element-184c76e\" data-id=\"184c76e\" data-element_type=\"column\">\n\t\t\t<div class=\"elementor-widget-wrap elementor-element-populated\">\n\t\t\t\t\t\t<div class=\"elementor-element elementor-element-530f33c elementor-widget elementor-widget-heading\" data-id=\"530f33c\" data-element_type=\"widget\" data-widget_type=\"heading.default\">\n\t\t\t\t<div class=\"elementor-widget-container\">\n\t\t\t<h2 class=\"elementor-heading-title elementor-size-default\">WIELKOPOLSKA<\/h2>\t\t<\/div>\n\t\t\t\t<\/div>\n\t\t\t\t<div class=\"elementor-element elementor-element-9ba1549 elementor-widget elementor-widget-heading\" data-id=\"9ba1549\" data-element_type=\"widget\" data-widget_type=\"heading.default\">\n\t\t\t\t<div class=\"elementor-widget-container\">\n\t\t\t<h3 class=\"elementor-heading-title elementor-size-default\">NORD S. C.<\/h3>\t\t<\/div>\n\t\t\t\t<\/div>\n\t\t\t\t<div class=\"elementor-element elementor-element-383ed93 elementor-widget elementor-widget-spacer\" data-id=\"383ed93\" data-element_type=\"widget\" data-widget_type=\"spacer.default\">\n\t\t\t\t<div class=\"elementor-widget-container\">\n\t\t\t\t\t<div class=\"elementor-spacer\">\n\t\t\t<div class=\"elementor-spacer-inner\"><\/div>\n\t\t<\/div>\n\t\t\t\t<\/div>\n\t\t\t\t<\/div>\n\t\t\t\t<div class=\"elementor-element elementor-element-55e8107 elementor-widget elementor-widget-heading\" data-id=\"55e8107\" data-element_type=\"widget\" data-widget_type=\"heading.default\">\n\t\t\t\t<div class=\"elementor-widget-container\">\n\t\t\t<h1 class=\"elementor-heading-title elementor-size-default\">Dostawca lodu do gastronomii i nie tylko \u2013 Wielkopolska<\/h1>\t\t<\/div>\n\t\t\t\t<\/div>\n\t\t\t\t<div class=\"elementor-element elementor-element-cc41910 elementor-widget elementor-widget-text-editor\" data-id=\"cc41910\" data-element_type=\"widget\" data-widget_type=\"text-editor.default\">\n\t\t\t\t<div class=\"elementor-widget-container\">\n\t\t\t\t\t\t\t<p style=\"text-align: center;\" align=\"center\">Gdzie przydaje si\u0119 l\u00f3d w kostkach? W wielu bran\u017cach, pocz\u0105wszy od gastronomii, po bary i puby oraz sklepy spo\u017cywcze. Jako <b>dostawca lodu<\/b> w wojew\u00f3dztwie <b>wielkopolskim<\/b> proponujemy produkt najwy\u017cszej jako\u015bci. Czym si\u0119 wyr\u00f3\u017cniamy i dlaczego jest on lepszy od tego uzyskanego w warunkach domowych? Przede wszystkim cechuje go wolniejszy proces topnienia oraz niezmienno\u015b\u0107 smaku i zapachu. Nasze <b>kostki lodu<\/b> sprawdzamy na ka\u017cdym etapie produkcji i dystrybucji, tym samym oferuj\u0105c asortyment dla wojew\u00f3dztwa wielkopolskiego, kt\u00f3ry spe\u0142nia wszelkie normy i wymagania. <b>L\u00f3d w kostkach<\/b> to produkt spo\u017cywczy, dlatego przestrzegamy i trzymamy si\u0119 ka\u017cdych zalece\u0144 ze strony sanepidu i innych organ\u00f3w. Zaufaj sprawdzonemu <b>producentowi lodu<\/b> i ciesz si\u0119 wysokiej jako\u015bci towarem.<\/p>\t\t\t\t\t\t<\/div>\n\t\t\t\t<\/div>\n\t\t\t\t\t<\/div>\n\t\t<\/div>\n\t\t\t\t\t<\/div>\n\t\t<\/section>\n\t\t\t\t<section class=\"elementor-section elementor-top-section elementor-element elementor-element-df623cb elementor-section-content-middle elementor-section-boxed elementor-section-height-default elementor-section-height-default\" data-id=\"df623cb\" data-element_type=\"section\" data-settings=\"{&quot;background_background&quot;:&quot;classic&quot;,&quot;shape_divider_top&quot;:&quot;mountains&quot;}\">\n\t\t\t\t\t<div class=\"elementor-shape elementor-shape-top\" data-negative=\"false\">\n\t\t\t<svg xmlns=\"http:\/\/www.w3.org\/2000\/svg\" viewBox=\"0 0 1000 100\" preserveAspectRatio=\"none\">\n\t<path class=\"elementor-shape-fill\" opacity=\"0.33\" d=\"M473,67.3c-203.9,88.3-263.1-34-320.3,0C66,119.1,0,59.7,0,59.7V0h1000v59.7 c0,0-62.1,26.1-94.9,29.3c-32.8,3.3-62.8-12.3-75.8-22.1C806,49.6,745.3,8.7,694.9,4.7S492.4,59,473,67.3z\"\/>\n\t<path class=\"elementor-shape-fill\" opacity=\"0.66\" d=\"M734,67.3c-45.5,0-77.2-23.2-129.1-39.1c-28.6-8.7-150.3-10.1-254,39.1 s-91.7-34.4-149.2,0C115.7,118.3,0,39.8,0,39.8V0h1000v36.5c0,0-28.2-18.5-92.1-18.5C810.2,18.1,775.7,67.3,734,67.3z\"\/>\n\t<path class=\"elementor-shape-fill\" d=\"M766.1,28.9c-200-57.5-266,65.5-395.1,19.5C242,1.8,242,5.4,184.8,20.6C128,35.8,132.3,44.9,89.9,52.5C28.6,63.7,0,0,0,0 h1000c0,0-9.9,40.9-83.6,48.1S829.6,47,766.1,28.9z\"\/>\n<\/svg>\t\t<\/div>\n\t\t\t\t\t<div class=\"elementor-container elementor-column-gap-no\">\n\t\t\t\t\t<div class=\"elementor-column elementor-col-50 elementor-top-column elementor-element elementor-element-105771b\" data-id=\"105771b\" data-element_type=\"column\">\n\t\t\t<div class=\"elementor-widget-wrap elementor-element-populated\">\n\t\t\t\t\t\t<div class=\"elementor-element elementor-element-4d258b0 elementor-widget__width-initial elementor-widget elementor-widget-heading\" data-id=\"4d258b0\" data-element_type=\"widget\" data-widget_type=\"heading.default\">\n\t\t\t\t<div class=\"elementor-widget-container\">\n\t\t\t<h2 class=\"elementor-heading-title elementor-size-xl\">NORD \u2013 producent lodu w kostkach dla wojew\u00f3dztwa wielkopolskiego<\/h2>\t\t<\/div>\n\t\t\t\t<\/div>\n\t\t\t\t<div class=\"elementor-element elementor-element-2454128 elementor-widget elementor-widget-spacer\" data-id=\"2454128\" data-element_type=\"widget\" data-widget_type=\"spacer.default\">\n\t\t\t\t<div class=\"elementor-widget-container\">\n\t\t\t\t\t<div class=\"elementor-spacer\">\n\t\t\t<div class=\"elementor-spacer-inner\"><\/div>\n\t\t<\/div>\n\t\t\t\t<\/div>\n\t\t\t\t<\/div>\n\t\t\t\t<div class=\"elementor-element elementor-element-dc853d0 elementor-widget elementor-widget-text-editor\" data-id=\"dc853d0\" data-element_type=\"widget\" data-widget_type=\"text-editor.default\">\n\t\t\t\t<div class=\"elementor-widget-container\">\n\t\t\t\t\t\t\t<p style=\"text-align: center;\" align=\"center\">Dlaczego jeste\u015bmy ekspertem w sprzeda\u017cy lodu na terenie Wielkopolski? G\u0142\u00f3wnie dlatego, \u017ce znamy si\u0119 na tym i dbamy o produkt na ka\u017cdym etapie. Woda, kt\u00f3rej u\u017cywamy w procesie produkcyjnym naszych <b>kostek lodu<\/b>, jest krystalicznie czysta. Podlega ona kilkukrotnej filtracji, dzi\u0119ki czemu jest przezroczysta, bezwonna i wolna od wszelkich drobnoustroj\u00f3w oraz innych zanieczyszcze\u0144. Produkcja i <b>sprzeda\u017c lodu<\/b> to dla nas nie tylko praca, ale tak\u017ce pasja. Dlatego te\u017c nieustannie d\u0105\u017cymy do ulepszania i optymalizacji proces\u00f3w. NORD to <b>dostawca lodu<\/b>, kt\u00f3remu mo\u017cesz zaufa\u0107. Zach\u0119camy do skorzystania z oferty przez klient\u00f3w z <b>Wielkopolski<\/b> i okolic. Nasze kostki lodu to krystaliczna esencja zamkni\u0119ta w niepozornej formie.<\/p>\t\t\t\t\t\t<\/div>\n\t\t\t\t<\/div>\n\t\t\t\t\t<\/div>\n\t\t<\/div>\n\t\t\t\t<div class=\"elementor-column elementor-col-50 elementor-top-column elementor-element elementor-element-675369e\" data-id=\"675369e\" data-element_type=\"column\" data-settings=\"{&quot;background_background&quot;:&quot;classic&quot;}\">\n\t\t\t<div class=\"elementor-widget-wrap elementor-element-populated\">\n\t\t\t\t\t\t<div class=\"elementor-element elementor-element-f9ce5de elementor-widget elementor-widget-image\" data-id=\"f9ce5de\" data-element_type=\"widget\" data-widget_type=\"image.default\">\n\t\t\t\t<div class=\"elementor-widget-container\">\n\t\t\t\t\t\t\t\t\t\t\t\t\t<img fetchpriority=\"high\" decoding=\"async\" width=\"800\" height=\"800\" src=\"https:\/\/nordsc.pl\/wp-content\/uploads\/2022\/05\/ice-cubes-on-the-table-1024x1024.jpg\" class=\"attachment-large size-large wp-image-3302\" alt=\"Kostki lodu\" srcset=\"https:\/\/nordsc.pl\/wp-content\/uploads\/2022\/05\/ice-cubes-on-the-table-1024x1024.jpg 1024w, https:\/\/nordsc.pl\/wp-content\/uploads\/2022\/05\/ice-cubes-on-the-table-300x300.jpg 300w, https:\/\/nordsc.pl\/wp-content\/uploads\/2022\/05\/ice-cubes-on-the-table-70x70.jpg 70w, https:\/\/nordsc.pl\/wp-content\/uploads\/2022\/05\/ice-cubes-on-the-table-768x768.jpg 768w\" sizes=\"(max-width: 800px) 100vw, 800px\" \/>\t\t\t\t\t\t\t\t\t\t\t\t\t<\/div>\n\t\t\t\t<\/div>\n\t\t\t\t\t<\/div>\n\t\t<\/div>\n\t\t\t\t\t<\/div>\n\t\t<\/section>\n\t\t\t\t<\/div>\n\t\t","protected":false},"excerpt":{"rendered":"<p>WIELKOPOLSKA NORD S. C. Dostawca lodu do gastronomii i nie tylko \u2013 Wielkopolska Gdzie przydaje si\u0119 l\u00f3d w kostkach? W wielu bran\u017cach, pocz\u0105wszy od gastronomii, po bary i puby oraz sklepy spo\u017cywcze. Jako dostawca lodu w wojew\u00f3dztwie wielkopolskim proponujemy produkt najwy\u017cszej jako\u015bci. Czym si\u0119 wyr\u00f3\u017cniamy i dlaczego jest on lepszy od tego uzyskanego w warunkach [&hellip;]<\/p>\n","protected":false},"author":1,"featured_media":0,"parent":0,"menu_order":0,"comment_status":"closed","ping_status":"closed","template":"","meta":{"footnotes":""},"class_list":["post-5024","page","type-page","status-publish","hentry"],"yoast_head":"<!-- This site is optimized with the Yoast SEO plugin v22.2 - https:\/\/yoast.com\/wordpress\/plugins\/seo\/ -->\n<title>Sprzeda\u017c lodu \u2013 Wielkopolska \u2013 NORD s.c.<\/title>\n<meta name=\"description\" content=\"Odkryj wyj\u0105tkowy l\u00f3d w kostkach od NORD w Wielkopolsce. Idealny dla gastronomii i na eventy. Krystaliczna \u015bwie\u017co\u015b\u0107 i jako\u015b\u0107.\" \/>\n<meta name=\"robots\" content=\"index, follow, max-snippet:-1, max-image-preview:large, max-video-preview:-1\" \/>\n<link rel=\"canonical\" href=\"https:\/\/nordsc.pl\/index.php\/sprzedaz-lodu-wielkopolska\/\" \/>\n<meta property=\"og:locale\" content=\"pl_PL\" \/>\n<meta property=\"og:type\" content=\"article\" \/>\n<meta property=\"og:title\" content=\"Sprzeda\u017c lodu \u2013 Wielkopolska \u2013 NORD s.c.\" \/>\n<meta property=\"og:description\" content=\"Odkryj wyj\u0105tkowy l\u00f3d w kostkach od NORD w Wielkopolsce. Idealny dla gastronomii i na eventy. Krystaliczna \u015bwie\u017co\u015b\u0107 i jako\u015b\u0107.\" \/>\n<meta property=\"og:url\" content=\"https:\/\/nordsc.pl\/index.php\/sprzedaz-lodu-wielkopolska\/\" \/>\n<meta property=\"og:site_name\" content=\"NORD Sp. c.\" \/>\n<meta property=\"article:modified_time\" content=\"2024-04-29T12:45:29+00:00\" \/>\n<meta property=\"og:image\" content=\"https:\/\/nordsc.pl\/wp-content\/uploads\/2022\/05\/ice-cubes-on-the-table-1024x1024.jpg\" \/>\n<meta name=\"twitter:card\" content=\"summary_large_image\" \/>\n<meta name=\"twitter:label1\" content=\"Szacowany czas czytania\" \/>\n\t<meta name=\"twitter:data1\" content=\"2 minuty\" \/>\n<script type=\"application\/ld+json\" class=\"yoast-schema-graph\">{\"@context\":\"https:\/\/schema.org\",\"@graph\":[{\"@type\":\"WebPage\",\"@id\":\"https:\/\/nordsc.pl\/index.php\/sprzedaz-lodu-wielkopolska\/\",\"url\":\"https:\/\/nordsc.pl\/index.php\/sprzedaz-lodu-wielkopolska\/\",\"name\":\"Sprzeda\u017c lodu \u2013 Wielkopolska \u2013 NORD s.c.\",\"isPartOf\":{\"@id\":\"https:\/\/nordsc.pl\/#website\"},\"primaryImageOfPage\":{\"@id\":\"https:\/\/nordsc.pl\/index.php\/sprzedaz-lodu-wielkopolska\/#primaryimage\"},\"image\":{\"@id\":\"https:\/\/nordsc.pl\/index.php\/sprzedaz-lodu-wielkopolska\/#primaryimage\"},\"thumbnailUrl\":\"https:\/\/nordsc.pl\/wp-content\/uploads\/2022\/05\/ice-cubes-on-the-table-1024x1024.jpg\",\"datePublished\":\"2024-03-15T07:31:16+00:00\",\"dateModified\":\"2024-04-29T12:45:29+00:00\",\"description\":\"Odkryj wyj\u0105tkowy l\u00f3d w kostkach od NORD w Wielkopolsce. Idealny dla gastronomii i na eventy. Krystaliczna \u015bwie\u017co\u015b\u0107 i jako\u015b\u0107.\",\"breadcrumb\":{\"@id\":\"https:\/\/nordsc.pl\/index.php\/sprzedaz-lodu-wielkopolska\/#breadcrumb\"},\"inLanguage\":\"pl-PL\",\"potentialAction\":[{\"@type\":\"ReadAction\",\"target\":[\"https:\/\/nordsc.pl\/index.php\/sprzedaz-lodu-wielkopolska\/\"]}]},{\"@type\":\"ImageObject\",\"inLanguage\":\"pl-PL\",\"@id\":\"https:\/\/nordsc.pl\/index.php\/sprzedaz-lodu-wielkopolska\/#primaryimage\",\"url\":\"https:\/\/nordsc.pl\/wp-content\/uploads\/2022\/05\/ice-cubes-on-the-table-scaled.jpg\",\"contentUrl\":\"https:\/\/nordsc.pl\/wp-content\/uploads\/2022\/05\/ice-cubes-on-the-table-scaled.jpg\",\"width\":2560,\"height\":1707,\"caption\":\"Cold. Frozen ice cubes on the table\"},{\"@type\":\"BreadcrumbList\",\"@id\":\"https:\/\/nordsc.pl\/index.php\/sprzedaz-lodu-wielkopolska\/#breadcrumb\",\"itemListElement\":[{\"@type\":\"ListItem\",\"position\":1,\"name\":\"Home\",\"item\":\"https:\/\/nordsc.pl\/\"},{\"@type\":\"ListItem\",\"position\":2,\"name\":\"Wielkopolska\"}]},{\"@type\":\"WebSite\",\"@id\":\"https:\/\/nordsc.pl\/#website\",\"url\":\"https:\/\/nordsc.pl\/\",\"name\":\"NORD Sp. c.\",\"description\":\"Produkcja i dystrybucja wysokiej jako\u015bci lodu w kostkach\",\"publisher\":{\"@id\":\"https:\/\/nordsc.pl\/#organization\"},\"potentialAction\":[{\"@type\":\"SearchAction\",\"target\":{\"@type\":\"EntryPoint\",\"urlTemplate\":\"https:\/\/nordsc.pl\/?s={search_term_string}\"},\"query-input\":\"required name=search_term_string\"}],\"inLanguage\":\"pl-PL\"},{\"@type\":\"Organization\",\"@id\":\"https:\/\/nordsc.pl\/#organization\",\"name\":\"NORD Sp. c.\",\"url\":\"https:\/\/nordsc.pl\/\",\"logo\":{\"@type\":\"ImageObject\",\"inLanguage\":\"pl-PL\",\"@id\":\"https:\/\/nordsc.pl\/#\/schema\/logo\/image\/\",\"url\":\"https:\/\/nordsc.pl\/wp-content\/uploads\/2022\/05\/logo-07-1-e1678314007523.png\",\"contentUrl\":\"https:\/\/nordsc.pl\/wp-content\/uploads\/2022\/05\/logo-07-1-e1678314007523.png\",\"width\":4500,\"height\":3702,\"caption\":\"NORD  Sp. c.\"},\"image\":{\"@id\":\"https:\/\/nordsc.pl\/#\/schema\/logo\/image\/\"}}]}<\/script>\n<!-- \/ Yoast SEO plugin. -->","yoast_head_json":{"title":"Sprzeda\u017c lodu \u2013 Wielkopolska \u2013 NORD s.c.","description":"Odkryj wyj\u0105tkowy l\u00f3d w kostkach od NORD w Wielkopolsce. Idealny dla gastronomii i na eventy. Krystaliczna \u015bwie\u017co\u015b\u0107 i jako\u015b\u0107.","robots":{"index":"index","follow":"follow","max-snippet":"max-snippet:-1","max-image-preview":"max-image-preview:large","max-video-preview":"max-video-preview:-1"},"canonical":"https:\/\/nordsc.pl\/index.php\/sprzedaz-lodu-wielkopolska\/","og_locale":"pl_PL","og_type":"article","og_title":"Sprzeda\u017c lodu \u2013 Wielkopolska \u2013 NORD s.c.","og_description":"Odkryj wyj\u0105tkowy l\u00f3d w kostkach od NORD w Wielkopolsce. Idealny dla gastronomii i na eventy. Krystaliczna \u015bwie\u017co\u015b\u0107 i jako\u015b\u0107.","og_url":"https:\/\/nordsc.pl\/index.php\/sprzedaz-lodu-wielkopolska\/","og_site_name":"NORD Sp. c.","article_modified_time":"2024-04-29T12:45:29+00:00","og_image":[{"url":"https:\/\/nordsc.pl\/wp-content\/uploads\/2022\/05\/ice-cubes-on-the-table-1024x1024.jpg"}],"twitter_card":"summary_large_image","twitter_misc":{"Szacowany czas czytania":"2 minuty"},"schema":{"@context":"https:\/\/schema.org","@graph":[{"@type":"WebPage","@id":"https:\/\/nordsc.pl\/index.php\/sprzedaz-lodu-wielkopolska\/","url":"https:\/\/nordsc.pl\/index.php\/sprzedaz-lodu-wielkopolska\/","name":"Sprzeda\u017c lodu \u2013 Wielkopolska \u2013 NORD s.c.","isPartOf":{"@id":"https:\/\/nordsc.pl\/#website"},"primaryImageOfPage":{"@id":"https:\/\/nordsc.pl\/index.php\/sprzedaz-lodu-wielkopolska\/#primaryimage"},"image":{"@id":"https:\/\/nordsc.pl\/index.php\/sprzedaz-lodu-wielkopolska\/#primaryimage"},"thumbnailUrl":"https:\/\/nordsc.pl\/wp-content\/uploads\/2022\/05\/ice-cubes-on-the-table-1024x1024.jpg","datePublished":"2024-03-15T07:31:16+00:00","dateModified":"2024-04-29T12:45:29+00:00","description":"Odkryj wyj\u0105tkowy l\u00f3d w kostkach od NORD w Wielkopolsce. Idealny dla gastronomii i na eventy. Krystaliczna \u015bwie\u017co\u015b\u0107 i jako\u015b\u0107.","breadcrumb":{"@id":"https:\/\/nordsc.pl\/index.php\/sprzedaz-lodu-wielkopolska\/#breadcrumb"},"inLanguage":"pl-PL","potentialAction":[{"@type":"ReadAction","target":["https:\/\/nordsc.pl\/index.php\/sprzedaz-lodu-wielkopolska\/"]}]},{"@type":"ImageObject","inLanguage":"pl-PL","@id":"https:\/\/nordsc.pl\/index.php\/sprzedaz-lodu-wielkopolska\/#primaryimage","url":"https:\/\/nordsc.pl\/wp-content\/uploads\/2022\/05\/ice-cubes-on-the-table-scaled.jpg","contentUrl":"https:\/\/nordsc.pl\/wp-content\/uploads\/2022\/05\/ice-cubes-on-the-table-scaled.jpg","width":2560,"height":1707,"caption":"Cold. Frozen ice cubes on the table"},{"@type":"BreadcrumbList","@id":"https:\/\/nordsc.pl\/index.php\/sprzedaz-lodu-wielkopolska\/#breadcrumb","itemListElement":[{"@type":"ListItem","position":1,"name":"Home","item":"https:\/\/nordsc.pl\/"},{"@type":"ListItem","position":2,"name":"Wielkopolska"}]},{"@type":"WebSite","@id":"https:\/\/nordsc.pl\/#website","url":"https:\/\/nordsc.pl\/","name":"NORD Sp. c.","description":"Produkcja i dystrybucja wysokiej jako\u015bci lodu w kostkach","publisher":{"@id":"https:\/\/nordsc.pl\/#organization"},"potentialAction":[{"@type":"SearchAction","target":{"@type":"EntryPoint","urlTemplate":"https:\/\/nordsc.pl\/?s={search_term_string}"},"query-input":"required name=search_term_string"}],"inLanguage":"pl-PL"},{"@type":"Organization","@id":"https:\/\/nordsc.pl\/#organization","name":"NORD Sp. c.","url":"https:\/\/nordsc.pl\/","logo":{"@type":"ImageObject","inLanguage":"pl-PL","@id":"https:\/\/nordsc.pl\/#\/schema\/logo\/image\/","url":"https:\/\/nordsc.pl\/wp-content\/uploads\/2022\/05\/logo-07-1-e1678314007523.png","contentUrl":"https:\/\/nordsc.pl\/wp-content\/uploads\/2022\/05\/logo-07-1-e1678314007523.png","width":4500,"height":3702,"caption":"NORD  Sp. c."},"image":{"@id":"https:\/\/nordsc.pl\/#\/schema\/logo\/image\/"}}]}},"_links":{"self":[{"href":"https:\/\/nordsc.pl\/index.php\/wp-json\/wp\/v2\/pages\/5024","targetHints":{"allow":["GET"]}}],"collection":[{"href":"https:\/\/nordsc.pl\/index.php\/wp-json\/wp\/v2\/pages"}],"about":[{"href":"https:\/\/nordsc.pl\/index.php\/wp-json\/wp\/v2\/types\/page"}],"author":[{"embeddable":true,"href":"https:\/\/nordsc.pl\/index.php\/wp-json\/wp\/v2\/users\/1"}],"replies":[{"embeddable":true,"href":"https:\/\/nordsc.pl\/index.php\/wp-json\/wp\/v2\/comments?post=5024"}],"version-history":[{"count":12,"href":"https:\/\/nordsc.pl\/index.php\/wp-json\/wp\/v2\/pages\/5024\/revisions"}],"predecessor-version":[{"id":5078,"href":"https:\/\/nordsc.pl\/index.php\/wp-json\/wp\/v2\/pages\/5024\/revisions\/5078"}],"wp:attachment":[{"href":"https:\/\/nordsc.pl\/index.php\/wp-json\/wp\/v2\/media?parent=5024"}],"curies":[{"name":"wp","href":"https:\/\/api.w.org\/{rel}","templated":true}]}}