{"id":5050,"date":"2024-03-15T08:53:33","date_gmt":"2024-03-15T07:53:33","guid":{"rendered":"https:\/\/nordsc.pl\/?page_id=5050"},"modified":"2024-03-15T08:55:33","modified_gmt":"2024-03-15T07:55:33","slug":"sprzedaz-lodu-pniewy","status":"publish","type":"page","link":"https:\/\/nordsc.pl\/index.php\/sprzedaz-lodu-pniewy\/","title":{"rendered":"Pniewy"},"content":{"rendered":"\t\t<div data-elementor-type=\"wp-page\" data-elementor-id=\"5050\" class=\"elementor elementor-5050\">\n\t\t\t\t\t\t<section class=\"elementor-section elementor-top-section elementor-element elementor-element-86a22b6 elementor-section-height-min-height elementor-section-boxed elementor-section-height-default elementor-section-items-middle\" data-id=\"86a22b6\" data-element_type=\"section\" data-settings=\"{&quot;background_background&quot;:&quot;video&quot;,&quot;shape_divider_bottom&quot;:&quot;mountains&quot;,&quot;background_video_start&quot;:46,&quot;background_video_end&quot;:96}\">\n\t\t\t\t\t\t\t<div class=\"elementor-background-overlay\"><\/div>\n\t\t\t\t\t\t<div class=\"elementor-shape elementor-shape-bottom\" data-negative=\"false\">\n\t\t\t<svg xmlns=\"http:\/\/www.w3.org\/2000\/svg\" viewBox=\"0 0 1000 100\" preserveAspectRatio=\"none\">\n\t<path class=\"elementor-shape-fill\" opacity=\"0.33\" d=\"M473,67.3c-203.9,88.3-263.1-34-320.3,0C66,119.1,0,59.7,0,59.7V0h1000v59.7 c0,0-62.1,26.1-94.9,29.3c-32.8,3.3-62.8-12.3-75.8-22.1C806,49.6,745.3,8.7,694.9,4.7S492.4,59,473,67.3z\"\/>\n\t<path class=\"elementor-shape-fill\" opacity=\"0.66\" d=\"M734,67.3c-45.5,0-77.2-23.2-129.1-39.1c-28.6-8.7-150.3-10.1-254,39.1 s-91.7-34.4-149.2,0C115.7,118.3,0,39.8,0,39.8V0h1000v36.5c0,0-28.2-18.5-92.1-18.5C810.2,18.1,775.7,67.3,734,67.3z\"\/>\n\t<path class=\"elementor-shape-fill\" d=\"M766.1,28.9c-200-57.5-266,65.5-395.1,19.5C242,1.8,242,5.4,184.8,20.6C128,35.8,132.3,44.9,89.9,52.5C28.6,63.7,0,0,0,0 h1000c0,0-9.9,40.9-83.6,48.1S829.6,47,766.1,28.9z\"\/>\n<\/svg>\t\t<\/div>\n\t\t\t\t\t<div class=\"elementor-container elementor-column-gap-no\">\n\t\t\t\t\t<div class=\"elementor-column elementor-col-100 elementor-top-column elementor-element elementor-element-faa3b53\" data-id=\"faa3b53\" data-element_type=\"column\">\n\t\t\t<div class=\"elementor-widget-wrap elementor-element-populated\">\n\t\t\t\t\t\t<div class=\"elementor-element elementor-element-acb4e5a elementor-widget elementor-widget-heading\" data-id=\"acb4e5a\" data-element_type=\"widget\" data-widget_type=\"heading.default\">\n\t\t\t\t<div class=\"elementor-widget-container\">\n\t\t\t<h2 class=\"elementor-heading-title elementor-size-default\">PNIEWY<\/h2>\t\t<\/div>\n\t\t\t\t<\/div>\n\t\t\t\t<div class=\"elementor-element elementor-element-e745faa elementor-widget elementor-widget-heading\" data-id=\"e745faa\" data-element_type=\"widget\" data-widget_type=\"heading.default\">\n\t\t\t\t<div class=\"elementor-widget-container\">\n\t\t\t<h3 class=\"elementor-heading-title elementor-size-default\">NORD S. C.<\/h3>\t\t<\/div>\n\t\t\t\t<\/div>\n\t\t\t\t<div class=\"elementor-element elementor-element-410fa9a elementor-widget elementor-widget-spacer\" data-id=\"410fa9a\" data-element_type=\"widget\" data-widget_type=\"spacer.default\">\n\t\t\t\t<div class=\"elementor-widget-container\">\n\t\t\t\t\t<div class=\"elementor-spacer\">\n\t\t\t<div class=\"elementor-spacer-inner\"><\/div>\n\t\t<\/div>\n\t\t\t\t<\/div>\n\t\t\t\t<\/div>\n\t\t\t\t<div class=\"elementor-element elementor-element-73ecbba elementor-widget elementor-widget-heading\" data-id=\"73ecbba\" data-element_type=\"widget\" data-widget_type=\"heading.default\">\n\t\t\t\t<div class=\"elementor-widget-container\">\n\t\t\t<h1 class=\"elementor-heading-title elementor-size-default\">Dostawca lodu \u2013 oferta dla Pniew<\/h1>\t\t<\/div>\n\t\t\t\t<\/div>\n\t\t\t\t<div class=\"elementor-element elementor-element-5b8dfad elementor-widget elementor-widget-text-editor\" data-id=\"5b8dfad\" data-element_type=\"widget\" data-widget_type=\"text-editor.default\">\n\t\t\t\t<div class=\"elementor-widget-container\">\n\t\t\t\t\t\t\t<p style=\"text-align: center;\" align=\"center\">NORD jako <strong>producent lodu<\/strong> to przede wszystkim gwarancja jako\u015bci. Przyk\u0142adamy wielk\u0105 wag\u0119 do naszych produkt\u00f3w i monitorujemy je na ka\u017cdym etapie wytwarzania. Oferujemy korzystne warunki <strong>sprzeda\u017cy lodu<\/strong> dla restaurator\u00f3w i hotelarzy z <strong>Pniew<\/strong>. Nasz produkt jest tworzony dzi\u0119ki technikom wyspecjalizowanym na prze\u0142omie lat prowadzonej dzia\u0142alno\u015bci. Zajmujesz si\u0119 restauracj\u0105, a mo\u017ce jeste\u015b w\u0142a\u015bcicielem pubu? Z pewno\u015bci\u0105 nasz produkt sprawdzi si\u0119 w ka\u017cdym z tych miejsc. Zach\u0119camy przedsi\u0119biorc\u00f3w z <strong>Pniew<\/strong> i okolic do skorzystania z naszych us\u0142ug.<\/p>\t\t\t\t\t\t<\/div>\n\t\t\t\t<\/div>\n\t\t\t\t\t<\/div>\n\t\t<\/div>\n\t\t\t\t\t<\/div>\n\t\t<\/section>\n\t\t\t\t<section class=\"elementor-section elementor-top-section elementor-element elementor-element-11a3c39 elementor-section-content-middle elementor-section-boxed elementor-section-height-default elementor-section-height-default\" data-id=\"11a3c39\" data-element_type=\"section\" data-settings=\"{&quot;background_background&quot;:&quot;classic&quot;,&quot;shape_divider_top&quot;:&quot;mountains&quot;}\">\n\t\t\t\t\t<div class=\"elementor-shape elementor-shape-top\" data-negative=\"false\">\n\t\t\t<svg xmlns=\"http:\/\/www.w3.org\/2000\/svg\" viewBox=\"0 0 1000 100\" preserveAspectRatio=\"none\">\n\t<path class=\"elementor-shape-fill\" opacity=\"0.33\" d=\"M473,67.3c-203.9,88.3-263.1-34-320.3,0C66,119.1,0,59.7,0,59.7V0h1000v59.7 c0,0-62.1,26.1-94.9,29.3c-32.8,3.3-62.8-12.3-75.8-22.1C806,49.6,745.3,8.7,694.9,4.7S492.4,59,473,67.3z\"\/>\n\t<path class=\"elementor-shape-fill\" opacity=\"0.66\" d=\"M734,67.3c-45.5,0-77.2-23.2-129.1-39.1c-28.6-8.7-150.3-10.1-254,39.1 s-91.7-34.4-149.2,0C115.7,118.3,0,39.8,0,39.8V0h1000v36.5c0,0-28.2-18.5-92.1-18.5C810.2,18.1,775.7,67.3,734,67.3z\"\/>\n\t<path class=\"elementor-shape-fill\" d=\"M766.1,28.9c-200-57.5-266,65.5-395.1,19.5C242,1.8,242,5.4,184.8,20.6C128,35.8,132.3,44.9,89.9,52.5C28.6,63.7,0,0,0,0 h1000c0,0-9.9,40.9-83.6,48.1S829.6,47,766.1,28.9z\"\/>\n<\/svg>\t\t<\/div>\n\t\t\t\t\t<div class=\"elementor-container elementor-column-gap-no\">\n\t\t\t\t\t<div class=\"elementor-column elementor-col-50 elementor-top-column elementor-element elementor-element-5852f8c\" data-id=\"5852f8c\" data-element_type=\"column\">\n\t\t\t<div class=\"elementor-widget-wrap elementor-element-populated\">\n\t\t\t\t\t\t<div class=\"elementor-element elementor-element-212cf8d elementor-widget__width-initial elementor-widget elementor-widget-heading\" data-id=\"212cf8d\" data-element_type=\"widget\" data-widget_type=\"heading.default\">\n\t\t\t\t<div class=\"elementor-widget-container\">\n\t\t\t<h2 class=\"elementor-heading-title elementor-size-xl\">Kostki lodu do napoj\u00f3w i nie tylko! \u2013 dostawa do Pniew<\/h2>\t\t<\/div>\n\t\t\t\t<\/div>\n\t\t\t\t<div class=\"elementor-element elementor-element-e701093 elementor-widget elementor-widget-spacer\" data-id=\"e701093\" data-element_type=\"widget\" data-widget_type=\"spacer.default\">\n\t\t\t\t<div class=\"elementor-widget-container\">\n\t\t\t\t\t<div class=\"elementor-spacer\">\n\t\t\t<div class=\"elementor-spacer-inner\"><\/div>\n\t\t<\/div>\n\t\t\t\t<\/div>\n\t\t\t\t<\/div>\n\t\t\t\t<div class=\"elementor-element elementor-element-078a518 elementor-widget elementor-widget-text-editor\" data-id=\"078a518\" data-element_type=\"widget\" data-widget_type=\"text-editor.default\">\n\t\t\t\t<div class=\"elementor-widget-container\">\n\t\t\t\t\t\t\t<p style=\"text-align: center;\" align=\"center\">Czym wyr\u00f3\u017cniaj\u0105 si\u0119 nasze <strong>kostki lodu<\/strong>? Przede wszystkim dzi\u0119ki zaawansowanemu procesowi produkcji i domra\u017caniu wolniej topniej\u0105 i nie zmieniaj\u0105 smaku ani zapachu napoj\u00f3w. Warto podkre\u015bli\u0107, \u017ce <strong>l\u00f3d w kostkach<\/strong> sprawdza si\u0119 nie tylko w upalne dni. To tak\u017ce idealny sch\u0142adzacz wytwornych napoj\u00f3w dla prawdziwych koneser\u00f3w i nie tylko! Tw\u00f3rz unikatowe koktajle z u\u017cyciem naszych <strong>kostek lodu<\/strong> i poczuj niesamowit\u0105 \u015bwie\u017co\u015b\u0107. Ka\u017cdy bar i pub w <strong>Pniewach<\/strong> potrzebuje odrobiny ch\u0142odu w postaci zamro\u017conej wody w wyj\u0105tkowej formie.<\/p>\t\t\t\t\t\t<\/div>\n\t\t\t\t<\/div>\n\t\t\t\t\t<\/div>\n\t\t<\/div>\n\t\t\t\t<div class=\"elementor-column elementor-col-50 elementor-top-column elementor-element elementor-element-93b6eae\" data-id=\"93b6eae\" data-element_type=\"column\" data-settings=\"{&quot;background_background&quot;:&quot;classic&quot;}\">\n\t\t\t<div class=\"elementor-widget-wrap elementor-element-populated\">\n\t\t\t\t\t\t<div class=\"elementor-element elementor-element-cff6fab elementor-widget elementor-widget-image\" data-id=\"cff6fab\" data-element_type=\"widget\" data-widget_type=\"image.default\">\n\t\t\t\t<div class=\"elementor-widget-container\">\n\t\t\t\t\t\t\t\t\t\t\t\t\t<img fetchpriority=\"high\" decoding=\"async\" width=\"800\" height=\"800\" src=\"https:\/\/nordsc.pl\/wp-content\/uploads\/2022\/05\/ice-cubes-on-the-table-1024x1024.jpg\" class=\"attachment-large size-large wp-image-3302\" alt=\"Kostki lodu\" srcset=\"https:\/\/nordsc.pl\/wp-content\/uploads\/2022\/05\/ice-cubes-on-the-table-1024x1024.jpg 1024w, https:\/\/nordsc.pl\/wp-content\/uploads\/2022\/05\/ice-cubes-on-the-table-300x300.jpg 300w, https:\/\/nordsc.pl\/wp-content\/uploads\/2022\/05\/ice-cubes-on-the-table-70x70.jpg 70w, https:\/\/nordsc.pl\/wp-content\/uploads\/2022\/05\/ice-cubes-on-the-table-768x768.jpg 768w\" sizes=\"(max-width: 800px) 100vw, 800px\" \/>\t\t\t\t\t\t\t\t\t\t\t\t\t<\/div>\n\t\t\t\t<\/div>\n\t\t\t\t\t<\/div>\n\t\t<\/div>\n\t\t\t\t\t<\/div>\n\t\t<\/section>\n\t\t\t\t<\/div>\n\t\t","protected":false},"excerpt":{"rendered":"<p>PNIEWY NORD S. C. Dostawca lodu \u2013 oferta dla Pniew NORD jako producent lodu to przede wszystkim gwarancja jako\u015bci. Przyk\u0142adamy wielk\u0105 wag\u0119 do naszych produkt\u00f3w i monitorujemy je na ka\u017cdym etapie wytwarzania. Oferujemy korzystne warunki sprzeda\u017cy lodu dla restaurator\u00f3w i hotelarzy z Pniew. Nasz produkt jest tworzony dzi\u0119ki technikom wyspecjalizowanym na prze\u0142omie lat prowadzonej dzia\u0142alno\u015bci. [&hellip;]<\/p>\n","protected":false},"author":1,"featured_media":0,"parent":0,"menu_order":0,"comment_status":"closed","ping_status":"closed","template":"","meta":{"footnotes":""},"class_list":["post-5050","page","type-page","status-publish","hentry"],"yoast_head":"<!-- This site is optimized with the Yoast SEO plugin v22.2 - https:\/\/yoast.com\/wordpress\/plugins\/seo\/ -->\n<title>Sprzeda\u017c lodu \u2013 Pniewy \u2013 NORD s.c.<\/title>\n<meta name=\"description\" content=\"Szukasz dostawcy lodu w Pniewach? NORDSC oferuje kostki lodu najwy\u017cszej jako\u015bci. Zapraszamy firmy oraz klient\u00f3w indywidualnych.\" \/>\n<meta name=\"robots\" content=\"index, follow, max-snippet:-1, max-image-preview:large, max-video-preview:-1\" \/>\n<link rel=\"canonical\" href=\"https:\/\/nordsc.pl\/index.php\/sprzedaz-lodu-pniewy\/\" \/>\n<meta property=\"og:locale\" content=\"pl_PL\" \/>\n<meta property=\"og:type\" content=\"article\" \/>\n<meta property=\"og:title\" content=\"Sprzeda\u017c lodu \u2013 Pniewy \u2013 NORD s.c.\" \/>\n<meta property=\"og:description\" content=\"Szukasz dostawcy lodu w Pniewach? NORDSC oferuje kostki lodu najwy\u017cszej jako\u015bci. Zapraszamy firmy oraz klient\u00f3w indywidualnych.\" \/>\n<meta property=\"og:url\" content=\"https:\/\/nordsc.pl\/index.php\/sprzedaz-lodu-pniewy\/\" \/>\n<meta property=\"og:site_name\" content=\"NORD Sp. c.\" \/>\n<meta property=\"article:modified_time\" content=\"2024-03-15T07:55:33+00:00\" \/>\n<meta property=\"og:image\" content=\"https:\/\/nordsc.pl\/wp-content\/uploads\/2022\/05\/ice-cubes-on-the-table-1024x1024.jpg\" \/>\n<meta name=\"twitter:card\" content=\"summary_large_image\" \/>\n<meta name=\"twitter:label1\" content=\"Szacowany czas czytania\" \/>\n\t<meta name=\"twitter:data1\" content=\"2 minuty\" \/>\n<script type=\"application\/ld+json\" class=\"yoast-schema-graph\">{\"@context\":\"https:\/\/schema.org\",\"@graph\":[{\"@type\":\"WebPage\",\"@id\":\"https:\/\/nordsc.pl\/index.php\/sprzedaz-lodu-pniewy\/\",\"url\":\"https:\/\/nordsc.pl\/index.php\/sprzedaz-lodu-pniewy\/\",\"name\":\"Sprzeda\u017c lodu \u2013 Pniewy \u2013 NORD s.c.\",\"isPartOf\":{\"@id\":\"https:\/\/nordsc.pl\/#website\"},\"primaryImageOfPage\":{\"@id\":\"https:\/\/nordsc.pl\/index.php\/sprzedaz-lodu-pniewy\/#primaryimage\"},\"image\":{\"@id\":\"https:\/\/nordsc.pl\/index.php\/sprzedaz-lodu-pniewy\/#primaryimage\"},\"thumbnailUrl\":\"https:\/\/nordsc.pl\/wp-content\/uploads\/2022\/05\/ice-cubes-on-the-table-1024x1024.jpg\",\"datePublished\":\"2024-03-15T07:53:33+00:00\",\"dateModified\":\"2024-03-15T07:55:33+00:00\",\"description\":\"Szukasz dostawcy lodu w Pniewach? NORDSC oferuje kostki lodu najwy\u017cszej jako\u015bci. Zapraszamy firmy oraz klient\u00f3w indywidualnych.\",\"breadcrumb\":{\"@id\":\"https:\/\/nordsc.pl\/index.php\/sprzedaz-lodu-pniewy\/#breadcrumb\"},\"inLanguage\":\"pl-PL\",\"potentialAction\":[{\"@type\":\"ReadAction\",\"target\":[\"https:\/\/nordsc.pl\/index.php\/sprzedaz-lodu-pniewy\/\"]}]},{\"@type\":\"ImageObject\",\"inLanguage\":\"pl-PL\",\"@id\":\"https:\/\/nordsc.pl\/index.php\/sprzedaz-lodu-pniewy\/#primaryimage\",\"url\":\"https:\/\/nordsc.pl\/wp-content\/uploads\/2022\/05\/ice-cubes-on-the-table-scaled.jpg\",\"contentUrl\":\"https:\/\/nordsc.pl\/wp-content\/uploads\/2022\/05\/ice-cubes-on-the-table-scaled.jpg\",\"width\":2560,\"height\":1707,\"caption\":\"Cold. Frozen ice cubes on the table\"},{\"@type\":\"BreadcrumbList\",\"@id\":\"https:\/\/nordsc.pl\/index.php\/sprzedaz-lodu-pniewy\/#breadcrumb\",\"itemListElement\":[{\"@type\":\"ListItem\",\"position\":1,\"name\":\"Home\",\"item\":\"https:\/\/nordsc.pl\/\"},{\"@type\":\"ListItem\",\"position\":2,\"name\":\"Pniewy\"}]},{\"@type\":\"WebSite\",\"@id\":\"https:\/\/nordsc.pl\/#website\",\"url\":\"https:\/\/nordsc.pl\/\",\"name\":\"NORD Sp. c.\",\"description\":\"Produkcja i dystrybucja wysokiej jako\u015bci lodu w kostkach\",\"publisher\":{\"@id\":\"https:\/\/nordsc.pl\/#organization\"},\"potentialAction\":[{\"@type\":\"SearchAction\",\"target\":{\"@type\":\"EntryPoint\",\"urlTemplate\":\"https:\/\/nordsc.pl\/?s={search_term_string}\"},\"query-input\":\"required name=search_term_string\"}],\"inLanguage\":\"pl-PL\"},{\"@type\":\"Organization\",\"@id\":\"https:\/\/nordsc.pl\/#organization\",\"name\":\"NORD Sp. c.\",\"url\":\"https:\/\/nordsc.pl\/\",\"logo\":{\"@type\":\"ImageObject\",\"inLanguage\":\"pl-PL\",\"@id\":\"https:\/\/nordsc.pl\/#\/schema\/logo\/image\/\",\"url\":\"https:\/\/nordsc.pl\/wp-content\/uploads\/2022\/05\/logo-07-1-e1678314007523.png\",\"contentUrl\":\"https:\/\/nordsc.pl\/wp-content\/uploads\/2022\/05\/logo-07-1-e1678314007523.png\",\"width\":4500,\"height\":3702,\"caption\":\"NORD  Sp. c.\"},\"image\":{\"@id\":\"https:\/\/nordsc.pl\/#\/schema\/logo\/image\/\"}}]}<\/script>\n<!-- \/ Yoast SEO plugin. -->","yoast_head_json":{"title":"Sprzeda\u017c lodu \u2013 Pniewy \u2013 NORD s.c.","description":"Szukasz dostawcy lodu w Pniewach? NORDSC oferuje kostki lodu najwy\u017cszej jako\u015bci. Zapraszamy firmy oraz klient\u00f3w indywidualnych.","robots":{"index":"index","follow":"follow","max-snippet":"max-snippet:-1","max-image-preview":"max-image-preview:large","max-video-preview":"max-video-preview:-1"},"canonical":"https:\/\/nordsc.pl\/index.php\/sprzedaz-lodu-pniewy\/","og_locale":"pl_PL","og_type":"article","og_title":"Sprzeda\u017c lodu \u2013 Pniewy \u2013 NORD s.c.","og_description":"Szukasz dostawcy lodu w Pniewach? NORDSC oferuje kostki lodu najwy\u017cszej jako\u015bci. Zapraszamy firmy oraz klient\u00f3w indywidualnych.","og_url":"https:\/\/nordsc.pl\/index.php\/sprzedaz-lodu-pniewy\/","og_site_name":"NORD Sp. c.","article_modified_time":"2024-03-15T07:55:33+00:00","og_image":[{"url":"https:\/\/nordsc.pl\/wp-content\/uploads\/2022\/05\/ice-cubes-on-the-table-1024x1024.jpg"}],"twitter_card":"summary_large_image","twitter_misc":{"Szacowany czas czytania":"2 minuty"},"schema":{"@context":"https:\/\/schema.org","@graph":[{"@type":"WebPage","@id":"https:\/\/nordsc.pl\/index.php\/sprzedaz-lodu-pniewy\/","url":"https:\/\/nordsc.pl\/index.php\/sprzedaz-lodu-pniewy\/","name":"Sprzeda\u017c lodu \u2013 Pniewy \u2013 NORD s.c.","isPartOf":{"@id":"https:\/\/nordsc.pl\/#website"},"primaryImageOfPage":{"@id":"https:\/\/nordsc.pl\/index.php\/sprzedaz-lodu-pniewy\/#primaryimage"},"image":{"@id":"https:\/\/nordsc.pl\/index.php\/sprzedaz-lodu-pniewy\/#primaryimage"},"thumbnailUrl":"https:\/\/nordsc.pl\/wp-content\/uploads\/2022\/05\/ice-cubes-on-the-table-1024x1024.jpg","datePublished":"2024-03-15T07:53:33+00:00","dateModified":"2024-03-15T07:55:33+00:00","description":"Szukasz dostawcy lodu w Pniewach? NORDSC oferuje kostki lodu najwy\u017cszej jako\u015bci. Zapraszamy firmy oraz klient\u00f3w indywidualnych.","breadcrumb":{"@id":"https:\/\/nordsc.pl\/index.php\/sprzedaz-lodu-pniewy\/#breadcrumb"},"inLanguage":"pl-PL","potentialAction":[{"@type":"ReadAction","target":["https:\/\/nordsc.pl\/index.php\/sprzedaz-lodu-pniewy\/"]}]},{"@type":"ImageObject","inLanguage":"pl-PL","@id":"https:\/\/nordsc.pl\/index.php\/sprzedaz-lodu-pniewy\/#primaryimage","url":"https:\/\/nordsc.pl\/wp-content\/uploads\/2022\/05\/ice-cubes-on-the-table-scaled.jpg","contentUrl":"https:\/\/nordsc.pl\/wp-content\/uploads\/2022\/05\/ice-cubes-on-the-table-scaled.jpg","width":2560,"height":1707,"caption":"Cold. Frozen ice cubes on the table"},{"@type":"BreadcrumbList","@id":"https:\/\/nordsc.pl\/index.php\/sprzedaz-lodu-pniewy\/#breadcrumb","itemListElement":[{"@type":"ListItem","position":1,"name":"Home","item":"https:\/\/nordsc.pl\/"},{"@type":"ListItem","position":2,"name":"Pniewy"}]},{"@type":"WebSite","@id":"https:\/\/nordsc.pl\/#website","url":"https:\/\/nordsc.pl\/","name":"NORD Sp. c.","description":"Produkcja i dystrybucja wysokiej jako\u015bci lodu w kostkach","publisher":{"@id":"https:\/\/nordsc.pl\/#organization"},"potentialAction":[{"@type":"SearchAction","target":{"@type":"EntryPoint","urlTemplate":"https:\/\/nordsc.pl\/?s={search_term_string}"},"query-input":"required name=search_term_string"}],"inLanguage":"pl-PL"},{"@type":"Organization","@id":"https:\/\/nordsc.pl\/#organization","name":"NORD Sp. c.","url":"https:\/\/nordsc.pl\/","logo":{"@type":"ImageObject","inLanguage":"pl-PL","@id":"https:\/\/nordsc.pl\/#\/schema\/logo\/image\/","url":"https:\/\/nordsc.pl\/wp-content\/uploads\/2022\/05\/logo-07-1-e1678314007523.png","contentUrl":"https:\/\/nordsc.pl\/wp-content\/uploads\/2022\/05\/logo-07-1-e1678314007523.png","width":4500,"height":3702,"caption":"NORD  Sp. c."},"image":{"@id":"https:\/\/nordsc.pl\/#\/schema\/logo\/image\/"}}]}},"_links":{"self":[{"href":"https:\/\/nordsc.pl\/index.php\/wp-json\/wp\/v2\/pages\/5050","targetHints":{"allow":["GET"]}}],"collection":[{"href":"https:\/\/nordsc.pl\/index.php\/wp-json\/wp\/v2\/pages"}],"about":[{"href":"https:\/\/nordsc.pl\/index.php\/wp-json\/wp\/v2\/types\/page"}],"author":[{"embeddable":true,"href":"https:\/\/nordsc.pl\/index.php\/wp-json\/wp\/v2\/users\/1"}],"replies":[{"embeddable":true,"href":"https:\/\/nordsc.pl\/index.php\/wp-json\/wp\/v2\/comments?post=5050"}],"version-history":[{"count":4,"href":"https:\/\/nordsc.pl\/index.php\/wp-json\/wp\/v2\/pages\/5050\/revisions"}],"predecessor-version":[{"id":5054,"href":"https:\/\/nordsc.pl\/index.php\/wp-json\/wp\/v2\/pages\/5050\/revisions\/5054"}],"wp:attachment":[{"href":"https:\/\/nordsc.pl\/index.php\/wp-json\/wp\/v2\/media?parent=5050"}],"curies":[{"name":"wp","href":"https:\/\/api.w.org\/{rel}","templated":true}]}}