{"id":5055,"date":"2024-03-15T09:00:34","date_gmt":"2024-03-15T08:00:34","guid":{"rendered":"https:\/\/nordsc.pl\/?page_id=5055"},"modified":"2024-03-15T09:11:40","modified_gmt":"2024-03-15T08:11:40","slug":"sprzedaz-lodu-lubon","status":"publish","type":"page","link":"https:\/\/nordsc.pl\/index.php\/sprzedaz-lodu-lubon\/","title":{"rendered":"Lubo\u0144"},"content":{"rendered":"\t\t<div data-elementor-type=\"wp-page\" data-elementor-id=\"5055\" class=\"elementor elementor-5055\">\n\t\t\t\t\t\t<section class=\"elementor-section elementor-top-section elementor-element elementor-element-363a293 elementor-section-height-min-height elementor-section-boxed elementor-section-height-default elementor-section-items-middle\" data-id=\"363a293\" data-element_type=\"section\" data-settings=\"{&quot;background_background&quot;:&quot;video&quot;,&quot;shape_divider_bottom&quot;:&quot;mountains&quot;,&quot;background_video_start&quot;:46,&quot;background_video_end&quot;:96}\">\n\t\t\t\t\t\t\t<div class=\"elementor-background-overlay\"><\/div>\n\t\t\t\t\t\t<div class=\"elementor-shape elementor-shape-bottom\" data-negative=\"false\">\n\t\t\t<svg xmlns=\"http:\/\/www.w3.org\/2000\/svg\" viewBox=\"0 0 1000 100\" preserveAspectRatio=\"none\">\n\t<path class=\"elementor-shape-fill\" opacity=\"0.33\" d=\"M473,67.3c-203.9,88.3-263.1-34-320.3,0C66,119.1,0,59.7,0,59.7V0h1000v59.7 c0,0-62.1,26.1-94.9,29.3c-32.8,3.3-62.8-12.3-75.8-22.1C806,49.6,745.3,8.7,694.9,4.7S492.4,59,473,67.3z\"\/>\n\t<path class=\"elementor-shape-fill\" opacity=\"0.66\" d=\"M734,67.3c-45.5,0-77.2-23.2-129.1-39.1c-28.6-8.7-150.3-10.1-254,39.1 s-91.7-34.4-149.2,0C115.7,118.3,0,39.8,0,39.8V0h1000v36.5c0,0-28.2-18.5-92.1-18.5C810.2,18.1,775.7,67.3,734,67.3z\"\/>\n\t<path class=\"elementor-shape-fill\" d=\"M766.1,28.9c-200-57.5-266,65.5-395.1,19.5C242,1.8,242,5.4,184.8,20.6C128,35.8,132.3,44.9,89.9,52.5C28.6,63.7,0,0,0,0 h1000c0,0-9.9,40.9-83.6,48.1S829.6,47,766.1,28.9z\"\/>\n<\/svg>\t\t<\/div>\n\t\t\t\t\t<div class=\"elementor-container elementor-column-gap-no\">\n\t\t\t\t\t<div class=\"elementor-column elementor-col-100 elementor-top-column elementor-element elementor-element-2c3f51e\" data-id=\"2c3f51e\" data-element_type=\"column\">\n\t\t\t<div class=\"elementor-widget-wrap elementor-element-populated\">\n\t\t\t\t\t\t<div class=\"elementor-element elementor-element-e8277e1 elementor-widget elementor-widget-heading\" data-id=\"e8277e1\" data-element_type=\"widget\" data-widget_type=\"heading.default\">\n\t\t\t\t<div class=\"elementor-widget-container\">\n\t\t\t<h2 class=\"elementor-heading-title elementor-size-default\">LUBO\u0143<\/h2>\t\t<\/div>\n\t\t\t\t<\/div>\n\t\t\t\t<div class=\"elementor-element elementor-element-5267ab7 elementor-widget elementor-widget-heading\" data-id=\"5267ab7\" data-element_type=\"widget\" data-widget_type=\"heading.default\">\n\t\t\t\t<div class=\"elementor-widget-container\">\n\t\t\t<h3 class=\"elementor-heading-title elementor-size-default\">NORD S. C.<\/h3>\t\t<\/div>\n\t\t\t\t<\/div>\n\t\t\t\t<div class=\"elementor-element elementor-element-b1dd781 elementor-widget elementor-widget-spacer\" data-id=\"b1dd781\" data-element_type=\"widget\" data-widget_type=\"spacer.default\">\n\t\t\t\t<div class=\"elementor-widget-container\">\n\t\t\t\t\t<div class=\"elementor-spacer\">\n\t\t\t<div class=\"elementor-spacer-inner\"><\/div>\n\t\t<\/div>\n\t\t\t\t<\/div>\n\t\t\t\t<\/div>\n\t\t\t\t<div class=\"elementor-element elementor-element-d531946 elementor-widget elementor-widget-heading\" data-id=\"d531946\" data-element_type=\"widget\" data-widget_type=\"heading.default\">\n\t\t\t\t<div class=\"elementor-widget-container\">\n\t\t\t<h1 class=\"elementor-heading-title elementor-size-default\">Sprzeda\u017c lodu w kostkach \u2013 Lubo\u0144<\/h1>\t\t<\/div>\n\t\t\t\t<\/div>\n\t\t\t\t<div class=\"elementor-element elementor-element-4280a44 elementor-widget elementor-widget-text-editor\" data-id=\"4280a44\" data-element_type=\"widget\" data-widget_type=\"text-editor.default\">\n\t\t\t\t<div class=\"elementor-widget-container\">\n\t\t\t\t\t\t\t<p style=\"text-align: center;\" align=\"center\">Natura ma nam wiele do zaoferowania, a my czerpiemy z niej, to co najlepsze. Jako <b>producent lodu<\/b> z wieloletnim do\u015bwiadczeniem oferujemy asortyment najwy\u017cszej jako\u015bci. Dzi\u0119ki zaawansowanemu procesowi produkcji, kt\u00f3ry aktualizujemy i ulepszamy na bie\u017c\u0105co, mo\u017cemy zagwarantowa\u0107, \u017ce nasze <b>kostki lodu<\/b> s\u0105 jedyne w swoim rodzaju. Zach\u0119camy do skorzystania z oferty przez restaurator\u00f3w, w\u0142a\u015bcicieli pub\u00f3w i dyskotek oraz organizator\u00f3w event\u00f3w w Luboniu i okolicach do skorzystania z naszej oferty!<\/p>\t\t\t\t\t\t<\/div>\n\t\t\t\t<\/div>\n\t\t\t\t\t<\/div>\n\t\t<\/div>\n\t\t\t\t\t<\/div>\n\t\t<\/section>\n\t\t\t\t<section class=\"elementor-section elementor-top-section elementor-element elementor-element-03e8c0d elementor-section-content-middle elementor-section-boxed elementor-section-height-default elementor-section-height-default\" data-id=\"03e8c0d\" data-element_type=\"section\" data-settings=\"{&quot;background_background&quot;:&quot;classic&quot;,&quot;shape_divider_top&quot;:&quot;mountains&quot;}\">\n\t\t\t\t\t<div class=\"elementor-shape elementor-shape-top\" data-negative=\"false\">\n\t\t\t<svg xmlns=\"http:\/\/www.w3.org\/2000\/svg\" viewBox=\"0 0 1000 100\" preserveAspectRatio=\"none\">\n\t<path class=\"elementor-shape-fill\" opacity=\"0.33\" d=\"M473,67.3c-203.9,88.3-263.1-34-320.3,0C66,119.1,0,59.7,0,59.7V0h1000v59.7 c0,0-62.1,26.1-94.9,29.3c-32.8,3.3-62.8-12.3-75.8-22.1C806,49.6,745.3,8.7,694.9,4.7S492.4,59,473,67.3z\"\/>\n\t<path class=\"elementor-shape-fill\" opacity=\"0.66\" d=\"M734,67.3c-45.5,0-77.2-23.2-129.1-39.1c-28.6-8.7-150.3-10.1-254,39.1 s-91.7-34.4-149.2,0C115.7,118.3,0,39.8,0,39.8V0h1000v36.5c0,0-28.2-18.5-92.1-18.5C810.2,18.1,775.7,67.3,734,67.3z\"\/>\n\t<path class=\"elementor-shape-fill\" d=\"M766.1,28.9c-200-57.5-266,65.5-395.1,19.5C242,1.8,242,5.4,184.8,20.6C128,35.8,132.3,44.9,89.9,52.5C28.6,63.7,0,0,0,0 h1000c0,0-9.9,40.9-83.6,48.1S829.6,47,766.1,28.9z\"\/>\n<\/svg>\t\t<\/div>\n\t\t\t\t\t<div class=\"elementor-container elementor-column-gap-no\">\n\t\t\t\t\t<div class=\"elementor-column elementor-col-50 elementor-top-column elementor-element elementor-element-2abbdfb\" data-id=\"2abbdfb\" data-element_type=\"column\">\n\t\t\t<div class=\"elementor-widget-wrap elementor-element-populated\">\n\t\t\t\t\t\t<div class=\"elementor-element elementor-element-57d23af elementor-widget__width-initial elementor-widget elementor-widget-heading\" data-id=\"57d23af\" data-element_type=\"widget\" data-widget_type=\"heading.default\">\n\t\t\t\t<div class=\"elementor-widget-container\">\n\t\t\t<h2 class=\"elementor-heading-title elementor-size-xl\">Zamro\u017cona woda w czystej postaci \u2013 oferta dla Lubonia\n<\/h2>\t\t<\/div>\n\t\t\t\t<\/div>\n\t\t\t\t<div class=\"elementor-element elementor-element-7920d60 elementor-widget elementor-widget-spacer\" data-id=\"7920d60\" data-element_type=\"widget\" data-widget_type=\"spacer.default\">\n\t\t\t\t<div class=\"elementor-widget-container\">\n\t\t\t\t\t<div class=\"elementor-spacer\">\n\t\t\t<div class=\"elementor-spacer-inner\"><\/div>\n\t\t<\/div>\n\t\t\t\t<\/div>\n\t\t\t\t<\/div>\n\t\t\t\t<div class=\"elementor-element elementor-element-bc7f792 elementor-widget elementor-widget-text-editor\" data-id=\"bc7f792\" data-element_type=\"widget\" data-widget_type=\"text-editor.default\">\n\t\t\t\t<div class=\"elementor-widget-container\">\n\t\t\t\t\t\t\t<p style=\"text-align: center;\">Jak stworzy\u0107 idealn\u0105 kostk\u0119 lodu? Potrzebna jest do tego przede wszystkim woda. Dzi\u0119ki wykorzystywanej zaawansowanej technologii stosujemy wielokrotn\u0105 filtracj\u0119 cieczy, dzi\u0119ki czemu nasze produkty s\u0105 wolne od wszelkich zanieczyszcze\u0144 i o krystalicznie czystej formie. <b>Sprzeda\u017c lodu<\/b> oferujemy zar\u00f3wno klientom indywidualnym, jak i przedsi\u0119biorcom z Lubonia i nie tylko. W sprawie ustalenia konkretnej oferty zapraszamy do kontaktu. Gwarantujemy realizacj\u0119 zam\u00f3wie\u0144 w bardzo kr\u00f3tkim czasie.<\/p>\t\t\t\t\t\t<\/div>\n\t\t\t\t<\/div>\n\t\t\t\t\t<\/div>\n\t\t<\/div>\n\t\t\t\t<div class=\"elementor-column elementor-col-50 elementor-top-column elementor-element elementor-element-81ec868\" data-id=\"81ec868\" data-element_type=\"column\" data-settings=\"{&quot;background_background&quot;:&quot;classic&quot;}\">\n\t\t\t<div class=\"elementor-widget-wrap elementor-element-populated\">\n\t\t\t\t\t\t<div class=\"elementor-element elementor-element-80e8a97 elementor-widget elementor-widget-image\" data-id=\"80e8a97\" data-element_type=\"widget\" data-widget_type=\"image.default\">\n\t\t\t\t<div class=\"elementor-widget-container\">\n\t\t\t\t\t\t\t\t\t\t\t\t\t<img fetchpriority=\"high\" decoding=\"async\" width=\"800\" height=\"800\" src=\"https:\/\/nordsc.pl\/wp-content\/uploads\/2022\/05\/ice-cubes-on-the-table-1024x1024.jpg\" class=\"attachment-large size-large wp-image-3302\" alt=\"Kostki lodu\" srcset=\"https:\/\/nordsc.pl\/wp-content\/uploads\/2022\/05\/ice-cubes-on-the-table-1024x1024.jpg 1024w, https:\/\/nordsc.pl\/wp-content\/uploads\/2022\/05\/ice-cubes-on-the-table-300x300.jpg 300w, https:\/\/nordsc.pl\/wp-content\/uploads\/2022\/05\/ice-cubes-on-the-table-70x70.jpg 70w, https:\/\/nordsc.pl\/wp-content\/uploads\/2022\/05\/ice-cubes-on-the-table-768x768.jpg 768w\" sizes=\"(max-width: 800px) 100vw, 800px\" \/>\t\t\t\t\t\t\t\t\t\t\t\t\t<\/div>\n\t\t\t\t<\/div>\n\t\t\t\t\t<\/div>\n\t\t<\/div>\n\t\t\t\t\t<\/div>\n\t\t<\/section>\n\t\t\t\t<\/div>\n\t\t","protected":false},"excerpt":{"rendered":"<p>LUBO\u0143 NORD S. C. Sprzeda\u017c lodu w kostkach \u2013 Lubo\u0144 Natura ma nam wiele do zaoferowania, a my czerpiemy z niej, to co najlepsze. Jako producent lodu z wieloletnim do\u015bwiadczeniem oferujemy asortyment najwy\u017cszej jako\u015bci. Dzi\u0119ki zaawansowanemu procesowi produkcji, kt\u00f3ry aktualizujemy i ulepszamy na bie\u017c\u0105co, mo\u017cemy zagwarantowa\u0107, \u017ce nasze kostki lodu s\u0105 jedyne w swoim rodzaju. [&hellip;]<\/p>\n","protected":false},"author":1,"featured_media":0,"parent":0,"menu_order":0,"comment_status":"closed","ping_status":"closed","template":"","meta":{"footnotes":""},"class_list":["post-5055","page","type-page","status-publish","hentry"],"yoast_head":"<!-- This site is optimized with the Yoast SEO plugin v22.2 - https:\/\/yoast.com\/wordpress\/plugins\/seo\/ -->\n<title>Sprzeda\u017c lodu \u2013 Lubo\u0144 \u2013 NORD s.c.<\/title>\n<meta name=\"description\" content=\"Odkryj sprawdzonego producenta i dostawc\u0119 kostek lodu w Luboniu. Perfekcyjny l\u00f3d dla Twojego biznesu czy do domu. Sprawd\u017a ofert\u0119 NORDSC ju\u017c teraz!\" \/>\n<meta name=\"robots\" content=\"index, follow, max-snippet:-1, max-image-preview:large, max-video-preview:-1\" \/>\n<link rel=\"canonical\" href=\"https:\/\/nordsc.pl\/index.php\/sprzedaz-lodu-lubon\/\" \/>\n<meta property=\"og:locale\" content=\"pl_PL\" \/>\n<meta property=\"og:type\" content=\"article\" \/>\n<meta property=\"og:title\" content=\"Sprzeda\u017c lodu \u2013 Lubo\u0144 \u2013 NORD s.c.\" \/>\n<meta property=\"og:description\" content=\"Odkryj sprawdzonego producenta i dostawc\u0119 kostek lodu w Luboniu. Perfekcyjny l\u00f3d dla Twojego biznesu czy do domu. Sprawd\u017a ofert\u0119 NORDSC ju\u017c teraz!\" \/>\n<meta property=\"og:url\" content=\"https:\/\/nordsc.pl\/index.php\/sprzedaz-lodu-lubon\/\" \/>\n<meta property=\"og:site_name\" content=\"NORD Sp. c.\" \/>\n<meta property=\"article:modified_time\" content=\"2024-03-15T08:11:40+00:00\" \/>\n<meta property=\"og:image\" content=\"https:\/\/nordsc.pl\/wp-content\/uploads\/2022\/05\/ice-cubes-on-the-table-1024x1024.jpg\" \/>\n<meta name=\"twitter:card\" content=\"summary_large_image\" \/>\n<meta name=\"twitter:label1\" content=\"Szacowany czas czytania\" \/>\n\t<meta name=\"twitter:data1\" content=\"2 minuty\" \/>\n<script type=\"application\/ld+json\" class=\"yoast-schema-graph\">{\"@context\":\"https:\/\/schema.org\",\"@graph\":[{\"@type\":\"WebPage\",\"@id\":\"https:\/\/nordsc.pl\/index.php\/sprzedaz-lodu-lubon\/\",\"url\":\"https:\/\/nordsc.pl\/index.php\/sprzedaz-lodu-lubon\/\",\"name\":\"Sprzeda\u017c lodu \u2013 Lubo\u0144 \u2013 NORD s.c.\",\"isPartOf\":{\"@id\":\"https:\/\/nordsc.pl\/#website\"},\"primaryImageOfPage\":{\"@id\":\"https:\/\/nordsc.pl\/index.php\/sprzedaz-lodu-lubon\/#primaryimage\"},\"image\":{\"@id\":\"https:\/\/nordsc.pl\/index.php\/sprzedaz-lodu-lubon\/#primaryimage\"},\"thumbnailUrl\":\"https:\/\/nordsc.pl\/wp-content\/uploads\/2022\/05\/ice-cubes-on-the-table-1024x1024.jpg\",\"datePublished\":\"2024-03-15T08:00:34+00:00\",\"dateModified\":\"2024-03-15T08:11:40+00:00\",\"description\":\"Odkryj sprawdzonego producenta i dostawc\u0119 kostek lodu w Luboniu. Perfekcyjny l\u00f3d dla Twojego biznesu czy do domu. Sprawd\u017a ofert\u0119 NORDSC ju\u017c teraz!\",\"breadcrumb\":{\"@id\":\"https:\/\/nordsc.pl\/index.php\/sprzedaz-lodu-lubon\/#breadcrumb\"},\"inLanguage\":\"pl-PL\",\"potentialAction\":[{\"@type\":\"ReadAction\",\"target\":[\"https:\/\/nordsc.pl\/index.php\/sprzedaz-lodu-lubon\/\"]}]},{\"@type\":\"ImageObject\",\"inLanguage\":\"pl-PL\",\"@id\":\"https:\/\/nordsc.pl\/index.php\/sprzedaz-lodu-lubon\/#primaryimage\",\"url\":\"https:\/\/nordsc.pl\/wp-content\/uploads\/2022\/05\/ice-cubes-on-the-table-scaled.jpg\",\"contentUrl\":\"https:\/\/nordsc.pl\/wp-content\/uploads\/2022\/05\/ice-cubes-on-the-table-scaled.jpg\",\"width\":2560,\"height\":1707,\"caption\":\"Cold. Frozen ice cubes on the table\"},{\"@type\":\"BreadcrumbList\",\"@id\":\"https:\/\/nordsc.pl\/index.php\/sprzedaz-lodu-lubon\/#breadcrumb\",\"itemListElement\":[{\"@type\":\"ListItem\",\"position\":1,\"name\":\"Home\",\"item\":\"https:\/\/nordsc.pl\/\"},{\"@type\":\"ListItem\",\"position\":2,\"name\":\"Lubo\u0144\"}]},{\"@type\":\"WebSite\",\"@id\":\"https:\/\/nordsc.pl\/#website\",\"url\":\"https:\/\/nordsc.pl\/\",\"name\":\"NORD Sp. c.\",\"description\":\"Produkcja i dystrybucja wysokiej jako\u015bci lodu w kostkach\",\"publisher\":{\"@id\":\"https:\/\/nordsc.pl\/#organization\"},\"potentialAction\":[{\"@type\":\"SearchAction\",\"target\":{\"@type\":\"EntryPoint\",\"urlTemplate\":\"https:\/\/nordsc.pl\/?s={search_term_string}\"},\"query-input\":\"required name=search_term_string\"}],\"inLanguage\":\"pl-PL\"},{\"@type\":\"Organization\",\"@id\":\"https:\/\/nordsc.pl\/#organization\",\"name\":\"NORD Sp. c.\",\"url\":\"https:\/\/nordsc.pl\/\",\"logo\":{\"@type\":\"ImageObject\",\"inLanguage\":\"pl-PL\",\"@id\":\"https:\/\/nordsc.pl\/#\/schema\/logo\/image\/\",\"url\":\"https:\/\/nordsc.pl\/wp-content\/uploads\/2022\/05\/logo-07-1-e1678314007523.png\",\"contentUrl\":\"https:\/\/nordsc.pl\/wp-content\/uploads\/2022\/05\/logo-07-1-e1678314007523.png\",\"width\":4500,\"height\":3702,\"caption\":\"NORD  Sp. c.\"},\"image\":{\"@id\":\"https:\/\/nordsc.pl\/#\/schema\/logo\/image\/\"}}]}<\/script>\n<!-- \/ Yoast SEO plugin. -->","yoast_head_json":{"title":"Sprzeda\u017c lodu \u2013 Lubo\u0144 \u2013 NORD s.c.","description":"Odkryj sprawdzonego producenta i dostawc\u0119 kostek lodu w Luboniu. Perfekcyjny l\u00f3d dla Twojego biznesu czy do domu. Sprawd\u017a ofert\u0119 NORDSC ju\u017c teraz!","robots":{"index":"index","follow":"follow","max-snippet":"max-snippet:-1","max-image-preview":"max-image-preview:large","max-video-preview":"max-video-preview:-1"},"canonical":"https:\/\/nordsc.pl\/index.php\/sprzedaz-lodu-lubon\/","og_locale":"pl_PL","og_type":"article","og_title":"Sprzeda\u017c lodu \u2013 Lubo\u0144 \u2013 NORD s.c.","og_description":"Odkryj sprawdzonego producenta i dostawc\u0119 kostek lodu w Luboniu. Perfekcyjny l\u00f3d dla Twojego biznesu czy do domu. Sprawd\u017a ofert\u0119 NORDSC ju\u017c teraz!","og_url":"https:\/\/nordsc.pl\/index.php\/sprzedaz-lodu-lubon\/","og_site_name":"NORD Sp. c.","article_modified_time":"2024-03-15T08:11:40+00:00","og_image":[{"url":"https:\/\/nordsc.pl\/wp-content\/uploads\/2022\/05\/ice-cubes-on-the-table-1024x1024.jpg"}],"twitter_card":"summary_large_image","twitter_misc":{"Szacowany czas czytania":"2 minuty"},"schema":{"@context":"https:\/\/schema.org","@graph":[{"@type":"WebPage","@id":"https:\/\/nordsc.pl\/index.php\/sprzedaz-lodu-lubon\/","url":"https:\/\/nordsc.pl\/index.php\/sprzedaz-lodu-lubon\/","name":"Sprzeda\u017c lodu \u2013 Lubo\u0144 \u2013 NORD s.c.","isPartOf":{"@id":"https:\/\/nordsc.pl\/#website"},"primaryImageOfPage":{"@id":"https:\/\/nordsc.pl\/index.php\/sprzedaz-lodu-lubon\/#primaryimage"},"image":{"@id":"https:\/\/nordsc.pl\/index.php\/sprzedaz-lodu-lubon\/#primaryimage"},"thumbnailUrl":"https:\/\/nordsc.pl\/wp-content\/uploads\/2022\/05\/ice-cubes-on-the-table-1024x1024.jpg","datePublished":"2024-03-15T08:00:34+00:00","dateModified":"2024-03-15T08:11:40+00:00","description":"Odkryj sprawdzonego producenta i dostawc\u0119 kostek lodu w Luboniu. Perfekcyjny l\u00f3d dla Twojego biznesu czy do domu. Sprawd\u017a ofert\u0119 NORDSC ju\u017c teraz!","breadcrumb":{"@id":"https:\/\/nordsc.pl\/index.php\/sprzedaz-lodu-lubon\/#breadcrumb"},"inLanguage":"pl-PL","potentialAction":[{"@type":"ReadAction","target":["https:\/\/nordsc.pl\/index.php\/sprzedaz-lodu-lubon\/"]}]},{"@type":"ImageObject","inLanguage":"pl-PL","@id":"https:\/\/nordsc.pl\/index.php\/sprzedaz-lodu-lubon\/#primaryimage","url":"https:\/\/nordsc.pl\/wp-content\/uploads\/2022\/05\/ice-cubes-on-the-table-scaled.jpg","contentUrl":"https:\/\/nordsc.pl\/wp-content\/uploads\/2022\/05\/ice-cubes-on-the-table-scaled.jpg","width":2560,"height":1707,"caption":"Cold. Frozen ice cubes on the table"},{"@type":"BreadcrumbList","@id":"https:\/\/nordsc.pl\/index.php\/sprzedaz-lodu-lubon\/#breadcrumb","itemListElement":[{"@type":"ListItem","position":1,"name":"Home","item":"https:\/\/nordsc.pl\/"},{"@type":"ListItem","position":2,"name":"Lubo\u0144"}]},{"@type":"WebSite","@id":"https:\/\/nordsc.pl\/#website","url":"https:\/\/nordsc.pl\/","name":"NORD Sp. c.","description":"Produkcja i dystrybucja wysokiej jako\u015bci lodu w kostkach","publisher":{"@id":"https:\/\/nordsc.pl\/#organization"},"potentialAction":[{"@type":"SearchAction","target":{"@type":"EntryPoint","urlTemplate":"https:\/\/nordsc.pl\/?s={search_term_string}"},"query-input":"required name=search_term_string"}],"inLanguage":"pl-PL"},{"@type":"Organization","@id":"https:\/\/nordsc.pl\/#organization","name":"NORD Sp. c.","url":"https:\/\/nordsc.pl\/","logo":{"@type":"ImageObject","inLanguage":"pl-PL","@id":"https:\/\/nordsc.pl\/#\/schema\/logo\/image\/","url":"https:\/\/nordsc.pl\/wp-content\/uploads\/2022\/05\/logo-07-1-e1678314007523.png","contentUrl":"https:\/\/nordsc.pl\/wp-content\/uploads\/2022\/05\/logo-07-1-e1678314007523.png","width":4500,"height":3702,"caption":"NORD  Sp. c."},"image":{"@id":"https:\/\/nordsc.pl\/#\/schema\/logo\/image\/"}}]}},"_links":{"self":[{"href":"https:\/\/nordsc.pl\/index.php\/wp-json\/wp\/v2\/pages\/5055","targetHints":{"allow":["GET"]}}],"collection":[{"href":"https:\/\/nordsc.pl\/index.php\/wp-json\/wp\/v2\/pages"}],"about":[{"href":"https:\/\/nordsc.pl\/index.php\/wp-json\/wp\/v2\/types\/page"}],"author":[{"embeddable":true,"href":"https:\/\/nordsc.pl\/index.php\/wp-json\/wp\/v2\/users\/1"}],"replies":[{"embeddable":true,"href":"https:\/\/nordsc.pl\/index.php\/wp-json\/wp\/v2\/comments?post=5055"}],"version-history":[{"count":7,"href":"https:\/\/nordsc.pl\/index.php\/wp-json\/wp\/v2\/pages\/5055\/revisions"}],"predecessor-version":[{"id":5068,"href":"https:\/\/nordsc.pl\/index.php\/wp-json\/wp\/v2\/pages\/5055\/revisions\/5068"}],"wp:attachment":[{"href":"https:\/\/nordsc.pl\/index.php\/wp-json\/wp\/v2\/media?parent=5055"}],"curies":[{"name":"wp","href":"https:\/\/api.w.org\/{rel}","templated":true}]}}